{"id":72,"date":"2017-07-12T05:54:00","date_gmt":"2017-07-12T05:54:00","guid":{"rendered":"http:\/\/mb-energia.com\/services\/"},"modified":"2022-03-12T13:00:07","modified_gmt":"2022-03-12T12:00:07","slug":"services","status":"publish","type":"page","link":"https:\/\/mb-energia.com\/en_us\/services\/","title":{"rendered":"Services"},"content":{"rendered":"<div data-elementor-type=\"wp-post\" data-elementor-id=\"72\" class=\"elementor elementor-72\">\n\t\t\t\t\t\t<section class=\"elementor-section elementor-top-section elementor-element elementor-element-1cfd16f elementor-section-boxed elementor-section-height-default elementor-section-height-default\" data-id=\"1cfd16f\" data-element_type=\"section\" data-settings=\"{&quot;background_background&quot;:&quot;classic&quot;}\">\n\t\t\t\t\t\t\t<div class=\"elementor-background-overlay\"><\/div>\n\t\t\t\t\t\t\t<div class=\"elementor-container elementor-column-gap-no\">\n\t\t\t\t\t<div class=\"elementor-column elementor-col-100 elementor-top-column elementor-element elementor-element-2d27b4a\" data-id=\"2d27b4a\" data-element_type=\"column\" data-settings=\"{&quot;background_background&quot;:&quot;classic&quot;}\">\n\t\t\t<div class=\"elementor-widget-wrap elementor-element-populated\">\n\t\t\t\t\t\t<div class=\"elementor-element elementor-element-5b0a48d elementor-widget elementor-widget-heading\" data-id=\"5b0a48d\" data-element_type=\"widget\" data-widget_type=\"heading.default\">\n\t\t\t\t<div class=\"elementor-widget-container\">\n\t\t\t\t\t<h1 class=\"elementor-heading-title elementor-size-default\">Services<\/h1>\t\t\t\t<\/div>\n\t\t\t\t<\/div>\n\t\t\t\t\t<\/div>\n\t\t<\/div>\n\t\t\t\t\t<\/div>\n\t\t<\/section>\n\t\t\t\t<section class=\"elementor-section elementor-top-section elementor-element elementor-element-60d2ba8b elementor-section-boxed elementor-section-height-default elementor-section-height-default\" data-id=\"60d2ba8b\" data-element_type=\"section\" data-settings=\"{&quot;background_background&quot;:&quot;gradient&quot;}\">\n\t\t\t\t\t\t<div class=\"elementor-container elementor-column-gap-no\">\n\t\t\t\t\t<div class=\"elementor-column elementor-col-50 elementor-top-column elementor-element elementor-element-6857abaa\" data-id=\"6857abaa\" data-element_type=\"column\">\n\t\t\t<div class=\"elementor-widget-wrap elementor-element-populated\">\n\t\t\t\t\t\t<div class=\"elementor-element elementor-element-1f786e77 elementor-widget-divider--view-line elementor-widget elementor-widget-divider\" data-id=\"1f786e77\" data-element_type=\"widget\" data-widget_type=\"divider.default\">\n\t\t\t\t<div class=\"elementor-widget-container\">\n\t\t\t\t\t\t\t<div class=\"elementor-divider\">\n\t\t\t<span class=\"elementor-divider-separator\">\n\t\t\t\t\t\t<\/span>\n\t\t<\/div>\n\t\t\t\t\t\t<\/div>\n\t\t\t\t<\/div>\n\t\t\t\t<section class=\"elementor-section elementor-inner-section elementor-element elementor-element-a5ab8ae elementor-section-boxed elementor-section-height-default elementor-section-height-default\" data-id=\"a5ab8ae\" data-element_type=\"section\">\n\t\t\t\t\t\t<div class=\"elementor-container elementor-column-gap-default\">\n\t\t\t\t\t<div class=\"elementor-column elementor-col-50 elementor-inner-column elementor-element elementor-element-077ccd2\" data-id=\"077ccd2\" data-element_type=\"column\">\n\t\t\t<div class=\"elementor-widget-wrap elementor-element-populated\">\n\t\t\t\t\t\t<div class=\"elementor-element elementor-element-015f80c elementor-view-stacked elementor-position-left elementor-shape-circle elementor-mobile-position-top elementor-vertical-align-top elementor-widget elementor-widget-icon-box\" data-id=\"015f80c\" data-element_type=\"widget\" data-widget_type=\"icon-box.default\">\n\t\t\t\t<div class=\"elementor-widget-container\">\n\t\t\t\t\t\t\t<div class=\"elementor-icon-box-wrapper\">\n\n\t\t\t\t\t\t<div class=\"elementor-icon-box-icon\">\n\t\t\t\t<span  class=\"elementor-icon\">\n\t\t\t\t<svg xmlns=\"http:\/\/www.w3.org\/2000\/svg\" xmlns:xlink=\"http:\/\/www.w3.org\/1999\/xlink\" id=\"Capa_1\" x=\"0px\" y=\"0px\" viewbox=\"0 0 285.834 285.834\" style=\"enable-background:new 0 0 285.834 285.834;\" xml:space=\"preserve\"><path d=\"M244.212,0h-33.587h-67.708H75.208H59.583H41.622h-3.705c-0.923,0-1.803,0.175-2.62,0.48C15.337,3.535,0,20.821,0,41.621  v101.296v67.708v33.588c0,22.95,18.671,41.621,41.621,41.621h202.591c22.95,0,41.621-18.671,41.621-41.621v-33.588v-67.708V75.209  V41.621C285.833,18.671,267.163,0,244.212,0z M270.833,203.125h-52.708v-52.708h52.708V203.125z M150.417,82.709h60.208h60.208  v52.708h-60.208h-60.208V82.709z M270.833,41.621v26.088h-52.708V15h26.087C258.892,15,270.833,26.942,270.833,41.621z M203.125,15  v52.709h-60.208H82.708V15h60.208H203.125z M41.622,15h17.962h8.125v52.709H50.729c-4.142,0-7.5,3.357-7.5,7.5s3.358,7.5,7.5,7.5  h24.479h60.208v52.708H75.208H37.917H15V41.621C15,26.942,26.942,15,41.622,15z M67.708,203.125H26.25H15v-52.708h22.917h29.792  V203.125z M15,244.213v-26.088h11.25h48.958h60.208v52.709H41.622C26.942,270.834,15,258.892,15,244.213z M244.212,270.834h-93.795  v-60.209c0-4.143-3.358-7.5-7.5-7.5H82.708v-52.708h60.208h60.208v52.708h-26.206c-4.142,0-7.5,3.357-7.5,7.5s3.358,7.5,7.5,7.5  h93.914v26.088C270.833,258.892,258.892,270.834,244.212,270.834z\"><\/path><g><\/g><g><\/g><g><\/g><g><\/g><g><\/g><g><\/g><g><\/g><g><\/g><g><\/g><g><\/g><g><\/g><g><\/g><g><\/g><g><\/g><g><\/g><\/svg>\t\t\t\t<\/span>\n\t\t\t<\/div>\n\t\t\t\n\t\t\t\t\t\t<div class=\"elementor-icon-box-content\">\n\n\t\t\t\t\t\t\t\t\t<h5 class=\"elementor-icon-box-title\">\n\t\t\t\t\t\t<span  >\n\t\t\t\t\t\t\tSupervision\t\t\t\t\t\t<\/span>\n\t\t\t\t\t<\/h5>\n\t\t\t\t\n\t\t\t\t\n\t\t\t<\/div>\n\t\t\t\n\t\t<\/div>\n\t\t\t\t\t\t<\/div>\n\t\t\t\t<\/div>\n\t\t\t\t<div class=\"elementor-element elementor-element-1ef520a elementor-view-stacked elementor-position-left elementor-shape-circle elementor-mobile-position-top elementor-vertical-align-top elementor-widget elementor-widget-icon-box\" data-id=\"1ef520a\" data-element_type=\"widget\" data-widget_type=\"icon-box.default\">\n\t\t\t\t<div class=\"elementor-widget-container\">\n\t\t\t\t\t\t\t<div class=\"elementor-icon-box-wrapper\">\n\n\t\t\t\t\t\t<div class=\"elementor-icon-box-icon\">\n\t\t\t\t<span  class=\"elementor-icon\">\n\t\t\t\t<svg xmlns=\"http:\/\/www.w3.org\/2000\/svg\" xmlns:xlink=\"http:\/\/www.w3.org\/1999\/xlink\" id=\"Capa_1\" x=\"0px\" y=\"0px\" viewbox=\"0 0 330.003 330.003\" style=\"enable-background:new 0 0 330.003 330.003;\" xml:space=\"preserve\"><g>\t<path d=\"M322.503,271.563c4.142,0,7.5-3.357,7.5-7.5V8.012c0-3.159-1.98-5.98-4.952-7.054c-2.973-1.073-6.297-0.17-8.316,2.26   L55.81,317.198c-1.859,2.237-2.257,5.347-1.021,7.979s3.881,4.314,6.79,4.314h260.925c4.142,0,7.5-3.357,7.5-7.5   s-3.358-7.5-7.5-7.5H77.562L315.003,28.771v235.292C315.003,268.206,318.361,271.563,322.503,271.563z\"><\/path>\t<path d=\"M264.891,144.245l-95.588,115.024c-1.859,2.237-2.257,5.347-1.021,7.979s3.881,4.314,6.79,4.314h95.588   c4.142,0,7.5-3.357,7.5-7.5V149.039c0-3.159-1.98-5.98-4.952-7.054C270.234,140.912,266.909,141.815,264.891,144.245z    M263.159,256.563h-72.104l72.104-86.765V256.563z\"><\/path>\t<path d=\"M62.793,244.534l17.935-22.53l96.514-121.235c0.01-0.012,0.018-0.026,0.027-0.038c0.046-0.058,0.086-0.121,0.13-0.181   c0.174-0.236,0.332-0.478,0.475-0.727c0.037-0.064,0.075-0.127,0.11-0.192c0.17-0.317,0.315-0.642,0.435-0.974   c0.006-0.017,0.016-0.032,0.022-0.049l28.581-80.476c1.072-3.018,0.109-6.383-2.396-8.378c-2.506-1.994-6.001-2.177-8.702-0.457   L123.905,55.19c-0.038,0.024-0.071,0.052-0.109,0.077c-0.108,0.072-0.213,0.148-0.317,0.226c-0.1,0.074-0.2,0.147-0.295,0.226   c-0.088,0.072-0.172,0.148-0.256,0.224c-0.104,0.093-0.207,0.186-0.305,0.284c-0.068,0.068-0.133,0.141-0.198,0.212   c-0.104,0.113-0.208,0.227-0.304,0.346c-0.017,0.021-0.036,0.039-0.053,0.06l-73.89,92.816c-2.58,3.24-2.044,7.959,1.196,10.539   c3.242,2.578,7.959,2.044,10.539-1.197l69.218-86.948l31.704,25.239l-87.171,109.5l-37.572-29.91   c-3.242-2.579-7.96-2.044-10.539,1.197L7.619,200.61c-5.82,7.311-8.445,16.45-7.391,25.735c1.054,9.284,5.661,17.604,12.971,23.423   l0.435,0.346c6.168,4.911,13.901,7.616,21.772,7.616C46.135,257.73,56.117,252.921,62.793,244.534z M140.829,62.193l10.93-6.965   l7.515,5.983c1.38,1.1,3.029,1.633,4.667,1.633c2.206,0,4.392-0.969,5.873-2.828c2.58-3.241,2.044-7.959-1.196-10.539l-3.482-2.772   l20.451-13.032l-17.762,50.013L140.829,62.193z M35.406,242.73c-4.556,0-8.854-1.505-12.428-4.351l-0.436-0.347   c-4.176-3.324-6.808-8.076-7.41-13.38c-0.602-5.304,0.897-10.524,4.222-14.701l13.264-16.661l31.704,25.238l-13.264,16.663   C47.244,239.982,41.539,242.73,35.406,242.73z\"><\/path>\t<path d=\"M77.972,176.345c2.206,0,4.392-0.969,5.873-2.829l49.043-61.604c2.58-3.24,2.044-7.959-1.196-10.539   c-3.242-2.578-7.959-2.044-10.539,1.197l-49.043,61.604c-2.58,3.24-2.044,7.959,1.196,10.539   C74.687,175.811,76.335,176.345,77.972,176.345z\"><\/path><\/g><g><\/g><g><\/g><g><\/g><g><\/g><g><\/g><g><\/g><g><\/g><g><\/g><g><\/g><g><\/g><g><\/g><g><\/g><g><\/g><g><\/g><g><\/g><\/svg>\t\t\t\t<\/span>\n\t\t\t<\/div>\n\t\t\t\n\t\t\t\t\t\t<div class=\"elementor-icon-box-content\">\n\n\t\t\t\t\t\t\t\t\t<h5 class=\"elementor-icon-box-title\">\n\t\t\t\t\t\t<span  >\n\t\t\t\t\t\t\tProjects\t\t\t\t\t\t<\/span>\n\t\t\t\t\t<\/h5>\n\t\t\t\t\n\t\t\t\t\n\t\t\t<\/div>\n\t\t\t\n\t\t<\/div>\n\t\t\t\t\t\t<\/div>\n\t\t\t\t<\/div>\n\t\t\t\t\t<\/div>\n\t\t<\/div>\n\t\t\t\t<div class=\"elementor-column elementor-col-50 elementor-inner-column elementor-element elementor-element-b013f82\" data-id=\"b013f82\" data-element_type=\"column\">\n\t\t\t<div class=\"elementor-widget-wrap elementor-element-populated\">\n\t\t\t\t\t\t<div class=\"elementor-element elementor-element-40fa325 elementor-view-stacked elementor-position-left elementor-shape-circle elementor-mobile-position-top elementor-vertical-align-top elementor-widget elementor-widget-icon-box\" data-id=\"40fa325\" data-element_type=\"widget\" data-widget_type=\"icon-box.default\">\n\t\t\t\t<div class=\"elementor-widget-container\">\n\t\t\t\t\t\t\t<div class=\"elementor-icon-box-wrapper\">\n\n\t\t\t\t\t\t<div class=\"elementor-icon-box-icon\">\n\t\t\t\t<span  class=\"elementor-icon\">\n\t\t\t\t<svg xmlns=\"http:\/\/www.w3.org\/2000\/svg\" xmlns:xlink=\"http:\/\/www.w3.org\/1999\/xlink\" id=\"Capa_1\" x=\"0px\" y=\"0px\" viewbox=\"0 0 305.157 305.157\" style=\"enable-background:new 0 0 305.157 305.157;\" xml:space=\"preserve\"><path d=\"M302.961,68.721c2.929-2.929,2.929-7.678,0-10.606L247.043,2.197c-2.929-2.929-7.678-2.929-10.606,0l-64.585,64.585  c-2.929,2.929-2.929,7.678,0,10.606c2.929,2.929,7.678,2.929,10.606,0l59.282-59.282l45.311,45.311l-20.959,20.959l-16.505-16.505  c-2.929-2.929-7.678-2.929-10.606,0c-2.929,2.929-2.929,7.678,0,10.606l16.505,16.505l-17.912,17.912L221.068,96.39  c-2.929-2.929-7.678-2.929-10.606,0c-2.929,2.929-2.929,7.678,0,10.606l16.505,16.505l-15.304,15.304l-96.226-96.226L92.248,19.39  C84.291,11.433,73.712,7.051,62.46,7.051c-11.252,0-21.832,4.382-29.788,12.338L19.389,32.672c-16.425,16.425-16.425,43.15,0,59.576  l23.189,23.189c0.003,0.003,0.007,0.006,0.01,0.009l40.299,40.299L2.197,236.437c-2.929,2.929-2.929,7.678,0,10.606l55.917,55.917  c1.464,1.464,3.384,2.197,5.303,2.197s3.839-0.732,5.303-2.197l68.12-68.12c2.929-2.929,2.929-7.678,0-10.606  c-2.928-2.929-7.677-2.929-10.606,0l-2.733,2.733l-16.505-16.505c-2.929-2.929-7.678-2.929-10.606,0  c-2.929,2.929-2.929,7.678,0,10.606l16.505,16.505l-17.912,17.912L78.479,238.98c-2.929-2.929-7.678-2.929-10.606,0  c-2.929,2.929-2.929,7.678,0,10.606l16.505,16.505l-20.959,20.959L18.107,241.74l75.388-75.388l96.226,96.226  c0.044,0.044,0.093,0.082,0.138,0.125c0.115,0.109,0.23,0.216,0.352,0.318c0.078,0.065,0.158,0.127,0.238,0.188  c0.112,0.086,0.224,0.171,0.342,0.251c0.1,0.069,0.202,0.132,0.305,0.195c0.102,0.063,0.203,0.125,0.309,0.182  c0.126,0.069,0.253,0.132,0.382,0.194c0.09,0.043,0.179,0.086,0.271,0.126c0.148,0.064,0.297,0.119,0.448,0.173  c0.058,0.021,0.112,0.047,0.171,0.066l92.868,30.617c0.77,0.254,1.562,0.377,2.347,0.377c1.958,0,3.875-0.768,5.304-2.197  c2.002-2.002,2.707-4.962,1.82-7.651l-30.617-92.869c-0.021-0.063-0.049-0.122-0.071-0.184c-0.052-0.144-0.105-0.287-0.165-0.428  c-0.042-0.098-0.088-0.194-0.134-0.289c-0.059-0.122-0.119-0.244-0.185-0.363c-0.061-0.112-0.127-0.219-0.193-0.327  c-0.06-0.097-0.12-0.193-0.184-0.288c-0.084-0.123-0.173-0.241-0.263-0.358c-0.058-0.075-0.115-0.15-0.176-0.223  c-0.106-0.127-0.218-0.247-0.331-0.366c-0.041-0.042-0.075-0.088-0.117-0.129l-40.309-40.309L302.961,68.721z M208.94,253.965  l45.026-45.026l22.145,67.172L208.94,253.965z M195.024,246.668L53.186,104.831c-0.003-0.003-0.007-0.006-0.01-0.009l-23.18-23.18  c-10.576-10.577-10.576-27.786,0-38.363l13.283-13.283c5.124-5.124,11.935-7.945,19.181-7.945c7.246,0,14.058,2.821,19.181,7.945  l17.886,17.886l-25.271,25.27c-2.929,2.929-2.929,7.678,0,10.606c2.928,2.93,7.677,2.929,10.606,0l25.271-25.27l136.535,136.535  L195.024,246.668z\"><\/path><g><\/g><g><\/g><g><\/g><g><\/g><g><\/g><g><\/g><g><\/g><g><\/g><g><\/g><g><\/g><g><\/g><g><\/g><g><\/g><g><\/g><g><\/g><\/svg>\t\t\t\t<\/span>\n\t\t\t<\/div>\n\t\t\t\n\t\t\t\t\t\t<div class=\"elementor-icon-box-content\">\n\n\t\t\t\t\t\t\t\t\t<h5 class=\"elementor-icon-box-title\">\n\t\t\t\t\t\t<span  >\n\t\t\t\t\t\t\tCounseling\t\t\t\t\t\t<\/span>\n\t\t\t\t\t<\/h5>\n\t\t\t\t\n\t\t\t\t\n\t\t\t<\/div>\n\t\t\t\n\t\t<\/div>\n\t\t\t\t\t\t<\/div>\n\t\t\t\t<\/div>\n\t\t\t\t<div class=\"elementor-element elementor-element-e464091 elementor-view-stacked elementor-position-left elementor-shape-circle elementor-mobile-position-top elementor-vertical-align-top elementor-widget elementor-widget-icon-box\" data-id=\"e464091\" data-element_type=\"widget\" data-widget_type=\"icon-box.default\">\n\t\t\t\t<div class=\"elementor-widget-container\">\n\t\t\t\t\t\t\t<div class=\"elementor-icon-box-wrapper\">\n\n\t\t\t\t\t\t<div class=\"elementor-icon-box-icon\">\n\t\t\t\t<span  class=\"elementor-icon\">\n\t\t\t\t<i aria-hidden=\"true\" class=\"far fa-lightbulb\"><\/i>\t\t\t\t<\/span>\n\t\t\t<\/div>\n\t\t\t\n\t\t\t\t\t\t<div class=\"elementor-icon-box-content\">\n\n\t\t\t\t\t\t\t\t\t<h5 class=\"elementor-icon-box-title\">\n\t\t\t\t\t\t<span  >\n\t\t\t\t\t\t\tOptimization\t\t\t\t\t\t<\/span>\n\t\t\t\t\t<\/h5>\n\t\t\t\t\n\t\t\t\t\n\t\t\t<\/div>\n\t\t\t\n\t\t<\/div>\n\t\t\t\t\t\t<\/div>\n\t\t\t\t<\/div>\n\t\t\t\t\t<\/div>\n\t\t<\/div>\n\t\t\t\t\t<\/div>\n\t\t<\/section>\n\t\t\t\t<div class=\"elementor-element elementor-element-295c4c7 elementor-widget elementor-widget-image\" data-id=\"295c4c7\" data-element_type=\"widget\" data-widget_type=\"image.default\">\n\t\t\t\t<div class=\"elementor-widget-container\">\n\t\t\t\t\t\t\t\t\t\t\t\t\t\t\t<img fetchpriority=\"high\" decoding=\"async\" width=\"640\" height=\"481\" src=\"https:\/\/mb-energia.com\/wp-content\/uploads\/2022\/03\/20220312_114759-1024x770.jpg\" class=\"attachment-large size-large wp-image-2476\" alt=\"\" srcset=\"https:\/\/mb-energia.com\/wp-content\/uploads\/2022\/03\/20220312_114759-1024x770.jpg 1024w, https:\/\/mb-energia.com\/wp-content\/uploads\/2022\/03\/20220312_114759-300x226.jpg 300w, https:\/\/mb-energia.com\/wp-content\/uploads\/2022\/03\/20220312_114759-768x578.jpg 768w, https:\/\/mb-energia.com\/wp-content\/uploads\/2022\/03\/20220312_114759-16x12.jpg 16w, https:\/\/mb-energia.com\/wp-content\/uploads\/2022\/03\/20220312_114759.jpg 1105w\" sizes=\"(max-width: 34.9rem) calc(100vw - 2rem), (max-width: 53rem) calc(8 * (100vw \/ 12)), (min-width: 53rem) calc(6 * (100vw \/ 12)), 100vw\" \/>\t\t\t\t\t\t\t\t\t\t\t\t\t\t\t<\/div>\n\t\t\t\t<\/div>\n\t\t\t\t\t<\/div>\n\t\t<\/div>\n\t\t\t\t<div class=\"elementor-column elementor-col-50 elementor-top-column elementor-element elementor-element-cc3c19b\" data-id=\"cc3c19b\" data-element_type=\"column\">\n\t\t\t<div class=\"elementor-widget-wrap elementor-element-populated\">\n\t\t\t\t\t\t<div class=\"elementor-element elementor-element-5afbb53 elementor-widget elementor-widget-image\" data-id=\"5afbb53\" data-element_type=\"widget\" data-widget_type=\"image.default\">\n\t\t\t\t<div class=\"elementor-widget-container\">\n\t\t\t\t\t\t\t\t\t\t\t\t\t\t\t<img decoding=\"async\" src=\"https:\/\/mb-energia.com\/wp-content\/uploads\/elementor\/thumbs\/20210928_094438-scaled-plr65mopkol8jgq7v8vbm7xbhjxkngb120s4tme59c.jpg\" title=\"20210928_094438\" alt=\"20210928_094438\" loading=\"lazy\" \/>\t\t\t\t\t\t\t\t\t\t\t\t\t\t\t<\/div>\n\t\t\t\t<\/div>\n\t\t\t\t\t<\/div>\n\t\t<\/div>\n\t\t\t\t\t<\/div>\n\t\t<\/section>\n\t\t\t\t<section class=\"elementor-section elementor-top-section elementor-element elementor-element-edebcab elementor-section-boxed elementor-section-height-default elementor-section-height-default\" data-id=\"edebcab\" data-element_type=\"section\" data-settings=\"{&quot;background_background&quot;:&quot;classic&quot;}\">\n\t\t\t\t\t\t\t<div class=\"elementor-background-overlay\"><\/div>\n\t\t\t\t\t\t\t<div class=\"elementor-container elementor-column-gap-no\">\n\t\t\t\t\t<div class=\"elementor-column elementor-col-100 elementor-top-column elementor-element elementor-element-59015d9\" data-id=\"59015d9\" data-element_type=\"column\">\n\t\t\t<div class=\"elementor-widget-wrap elementor-element-populated\">\n\t\t\t\t\t\t<div class=\"elementor-element elementor-element-7b426d9 elementor-widget elementor-widget-heading\" data-id=\"7b426d9\" data-element_type=\"widget\" data-widget_type=\"heading.default\">\n\t\t\t\t<div class=\"elementor-widget-container\">\n\t\t\t\t\t<h2 class=\"elementor-heading-title elementor-size-default\">MB ENERGIA<\/h2>\t\t\t\t<\/div>\n\t\t\t\t<\/div>\n\t\t\t\t<div class=\"elementor-element elementor-element-f3a437a elementor-widget-divider--view-line elementor-widget elementor-widget-divider\" data-id=\"f3a437a\" data-element_type=\"widget\" data-widget_type=\"divider.default\">\n\t\t\t\t<div class=\"elementor-widget-container\">\n\t\t\t\t\t\t\t<div class=\"elementor-divider\">\n\t\t\t<span class=\"elementor-divider-separator\">\n\t\t\t\t\t\t<\/span>\n\t\t<\/div>\n\t\t\t\t\t\t<\/div>\n\t\t\t\t<\/div>\n\t\t\t\t<div class=\"elementor-element elementor-element-808cb21 elementor-widget elementor-widget-text-editor\" data-id=\"808cb21\" data-element_type=\"widget\" data-widget_type=\"text-editor.default\">\n\t\t\t\t<div class=\"elementor-widget-container\">\n\t\t\t\t\t\t\t\t\t<p>In the scope of offered services, we guarantee cooperation with qualified and experienced engineers<\/p>\t\t\t\t\t\t\t\t<\/div>\n\t\t\t\t<\/div>\n\t\t\t\t\t<\/div>\n\t\t<\/div>\n\t\t\t\t\t<\/div>\n\t\t<\/section>\n\t\t\t\t<section class=\"elementor-section elementor-top-section elementor-element elementor-element-c337516 elementor-section-boxed elementor-section-height-default elementor-section-height-default\" data-id=\"c337516\" data-element_type=\"section\" data-settings=\"{&quot;background_background&quot;:&quot;classic&quot;}\">\n\t\t\t\t\t\t<div class=\"elementor-container elementor-column-gap-default\">\n\t\t\t\t\t<div class=\"elementor-column elementor-col-50 elementor-top-column elementor-element elementor-element-32cb67a\" data-id=\"32cb67a\" data-element_type=\"column\">\n\t\t\t<div class=\"elementor-widget-wrap elementor-element-populated\">\n\t\t\t\t\t\t<div class=\"elementor-element elementor-element-565fb7f elementor-widget elementor-widget-heading\" data-id=\"565fb7f\" data-element_type=\"widget\" data-widget_type=\"heading.default\">\n\t\t\t\t<div class=\"elementor-widget-container\">\n\t\t\t\t\t<h2 class=\"elementor-heading-title elementor-size-default\">PROJECTS<\/h2>\t\t\t\t<\/div>\n\t\t\t\t<\/div>\n\t\t\t\t<div class=\"elementor-element elementor-element-2447484 elementor-widget elementor-widget-heading\" data-id=\"2447484\" data-element_type=\"widget\" data-widget_type=\"heading.default\">\n\t\t\t\t<div class=\"elementor-widget-container\">\n\t\t\t\t\t<h2 class=\"elementor-heading-title elementor-size-default\">CONSTRUCTION MANAGEMENT<\/h2>\t\t\t\t<\/div>\n\t\t\t\t<\/div>\n\t\t\t\t<div class=\"elementor-element elementor-element-3f1bbe0 elementor-widget elementor-widget-heading\" data-id=\"3f1bbe0\" data-element_type=\"widget\" data-widget_type=\"heading.default\">\n\t\t\t\t<div class=\"elementor-widget-container\">\n\t\t\t\t\t<h2 class=\"elementor-heading-title elementor-size-default\">SUPERVISION<\/h2>\t\t\t\t<\/div>\n\t\t\t\t<\/div>\n\t\t\t\t<div class=\"elementor-element elementor-element-648867e elementor-widget-divider--view-line elementor-widget elementor-widget-divider\" data-id=\"648867e\" data-element_type=\"widget\" data-widget_type=\"divider.default\">\n\t\t\t\t<div class=\"elementor-widget-container\">\n\t\t\t\t\t\t\t<div class=\"elementor-divider\">\n\t\t\t<span class=\"elementor-divider-separator\">\n\t\t\t\t\t\t<\/span>\n\t\t<\/div>\n\t\t\t\t\t\t<\/div>\n\t\t\t\t<\/div>\n\t\t\t\t<div class=\"elementor-element elementor-element-6ba431f elementor-widget elementor-widget-text-editor\" data-id=\"6ba431f\" data-element_type=\"widget\" data-widget_type=\"text-editor.default\">\n\t\t\t\t<div class=\"elementor-widget-container\">\n\t\t\t\t\t\t\t\t\t<p><span style=\"font-size: 22px;\"><b>POWER ENGINEERING<\/b><\/span><\/p><p><strong>RENEWABLE ENERGY<\/strong><\/p><p><strong>BUILDING OBJECTS<\/strong><\/p>\t\t\t\t\t\t\t\t<\/div>\n\t\t\t\t<\/div>\n\t\t\t\t\t<\/div>\n\t\t<\/div>\n\t\t\t\t<div class=\"elementor-column elementor-col-50 elementor-top-column elementor-element elementor-element-9578ede\" data-id=\"9578ede\" data-element_type=\"column\">\n\t\t\t<div class=\"elementor-widget-wrap elementor-element-populated\">\n\t\t\t\t\t\t<div class=\"elementor-element elementor-element-5137b73 elementor-widget elementor-widget-image\" data-id=\"5137b73\" data-element_type=\"widget\" data-widget_type=\"image.default\">\n\t\t\t\t<div class=\"elementor-widget-container\">\n\t\t\t\t\t\t\t\t\t\t\t\t\t\t\t<img decoding=\"async\" src=\"https:\/\/mb-energia.com\/wp-content\/uploads\/elementor\/thumbs\/IMG_20180716_102206-scaled-p3cxsoqnbv0glv0h96u8juzmbpg1xwm4kcx1kkl44g.jpg\" title=\"cof\" alt=\"cof\" loading=\"lazy\" \/>\t\t\t\t\t\t\t\t\t\t\t\t\t\t\t<\/div>\n\t\t\t\t<\/div>\n\t\t\t\t\t<\/div>\n\t\t<\/div>\n\t\t\t\t\t<\/div>\n\t\t<\/section>\n\t\t\t\t<section class=\"elementor-section elementor-top-section elementor-element elementor-element-66d1ea4f elementor-section-boxed elementor-section-height-default elementor-section-height-default\" data-id=\"66d1ea4f\" data-element_type=\"section\" data-settings=\"{&quot;background_background&quot;:&quot;classic&quot;}\">\n\t\t\t\t\t\t\t<div class=\"elementor-background-overlay\"><\/div>\n\t\t\t\t\t\t\t<div class=\"elementor-container elementor-column-gap-no\">\n\t\t\t\t\t<div class=\"elementor-column elementor-col-100 elementor-top-column elementor-element elementor-element-5eaeb806\" data-id=\"5eaeb806\" data-element_type=\"column\">\n\t\t\t<div class=\"elementor-widget-wrap elementor-element-populated\">\n\t\t\t\t\t\t<div class=\"elementor-element elementor-element-2f955ed3 elementor-widget-divider--view-line elementor-widget elementor-widget-divider\" data-id=\"2f955ed3\" data-element_type=\"widget\" data-widget_type=\"divider.default\">\n\t\t\t\t<div class=\"elementor-widget-container\">\n\t\t\t\t\t\t\t<div class=\"elementor-divider\">\n\t\t\t<span class=\"elementor-divider-separator\">\n\t\t\t\t\t\t<\/span>\n\t\t<\/div>\n\t\t\t\t\t\t<\/div>\n\t\t\t\t<\/div>\n\t\t\t\t<div class=\"elementor-element elementor-element-443b5f91 elementor-widget elementor-widget-heading\" data-id=\"443b5f91\" data-element_type=\"widget\" data-widget_type=\"heading.default\">\n\t\t\t\t<div class=\"elementor-widget-container\">\n\t\t\t\t\t<h2 class=\"elementor-heading-title elementor-size-default\">MB ENERGIA - KNOWLEDGE AND EXPERIENCE<\/h2>\t\t\t\t<\/div>\n\t\t\t\t<\/div>\n\t\t\t\t<div class=\"elementor-element elementor-element-43aec095 elementor-align-center elementor-widget elementor-widget-button\" data-id=\"43aec095\" data-element_type=\"widget\" data-widget_type=\"button.default\">\n\t\t\t\t<div class=\"elementor-widget-container\">\n\t\t\t\t\t\t\t\t\t<div class=\"elementor-button-wrapper\">\n\t\t\t\t\t<a class=\"elementor-button elementor-button-link elementor-size-sm\" href=\"http:\/\/mb-energia.com\/en_us\/contact-us\/\">\n\t\t\t\t\t\t<span class=\"elementor-button-content-wrapper\">\n\t\t\t\t\t\t<span class=\"elementor-button-icon\">\n\t\t\t\t<svg xmlns=\"http:\/\/www.w3.org\/2000\/svg\" viewbox=\"0 0 32 32\"><path d=\"M 18.71875 6.78125 L 17.28125 8.21875 L 24.0625 15 L 4 15 L 4 17 L 24.0625 17 L 17.28125 23.78125 L 18.71875 25.21875 L 27.21875 16.71875 L 27.90625 16 L 27.21875 15.28125 Z\"><\/path><\/svg>\t\t\t<\/span>\n\t\t\t\t\t\t\t\t\t<span class=\"elementor-button-text\">Cooperate today!<\/span>\n\t\t\t\t\t<\/span>\n\t\t\t\t\t<\/a>\n\t\t\t\t<\/div>\n\t\t\t\t\t\t\t\t<\/div>\n\t\t\t\t<\/div>\n\t\t\t\t\t<\/div>\n\t\t<\/div>\n\t\t\t\t\t<\/div>\n\t\t<\/section>\n\t\t\t\t<\/div>","protected":false},"excerpt":{"rendered":"<p>Specjalizacje Nadzory Projekty Doradztwo Optymalizacja MB ENERGIA W zakresie oferowanych us\u0142ug gwarantujemy wsp\u00f3\u0142prac\u0119 z wykwalifikowan\u0105 i do\u015bwiadczon\u0105 kadr\u0105 in\u017cyniersk\u0105 PROJEKTY KIEROWANIE NADZORY ENERGETYKA ZAWOWOWA ODNAWIALNE \u0179R\u00d3D\u0141A ENERGII OBIEKTY KUBATUROWE MB ENERGIA &#8211; WIEDZA I DO\u015aWIADCZENIE Wsp\u00f3\u0142pracuj dzisiaj!<\/p>","protected":false},"author":1,"featured_media":0,"parent":0,"menu_order":0,"comment_status":"closed","ping_status":"closed","template":"","meta":{"footnotes":""},"class_list":["post-72","page","type-page","status-publish","hentry","entry"],"_links":{"self":[{"href":"https:\/\/mb-energia.com\/en_us\/wp-json\/wp\/v2\/pages\/72","targetHints":{"allow":["GET"]}}],"collection":[{"href":"https:\/\/mb-energia.com\/en_us\/wp-json\/wp\/v2\/pages"}],"about":[{"href":"https:\/\/mb-energia.com\/en_us\/wp-json\/wp\/v2\/types\/page"}],"author":[{"embeddable":true,"href":"https:\/\/mb-energia.com\/en_us\/wp-json\/wp\/v2\/users\/1"}],"replies":[{"embeddable":true,"href":"https:\/\/mb-energia.com\/en_us\/wp-json\/wp\/v2\/comments?post=72"}],"version-history":[{"count":132,"href":"https:\/\/mb-energia.com\/en_us\/wp-json\/wp\/v2\/pages\/72\/revisions"}],"predecessor-version":[{"id":2507,"href":"https:\/\/mb-energia.com\/en_us\/wp-json\/wp\/v2\/pages\/72\/revisions\/2507"}],"wp:attachment":[{"href":"https:\/\/mb-energia.com\/en_us\/wp-json\/wp\/v2\/media?parent=72"}],"curies":[{"name":"wp","href":"https:\/\/api.w.org\/{rel}","templated":true}]}}